{"id":912,"date":"2025-10-22T11:19:36","date_gmt":"2025-10-22T09:19:36","guid":{"rendered":"https:\/\/adema.nepomedia-staging.de\/dienstleistungen\/"},"modified":"2025-11-20T11:34:21","modified_gmt":"2025-11-20T10:34:21","slug":"dienstleistungen","status":"publish","type":"page","link":"https:\/\/adema.nepomedia-staging.de\/de\/dienstleistungen\/","title":{"rendered":"Dienstleistungen"},"content":{"rendered":"\t\t<div data-elementor-type=\"wp-page\" data-elementor-id=\"912\" class=\"elementor elementor-912 elementor-509\" data-elementor-post-type=\"page\">\n\t\t\t\t<div class=\"elementor-element elementor-element-5cea004 e-flex e-con-boxed e-con e-parent\" data-id=\"5cea004\" data-element_type=\"container\" data-settings=\"{&quot;background_background&quot;:&quot;classic&quot;,&quot;jet_parallax_layout_list&quot;:[]}\">\n\t\t\t\t\t<div class=\"e-con-inner\">\n\t\t\t\t<div class=\"elementor-element elementor-element-163748b elementor-widget elementor-widget-heading\" data-id=\"163748b\" data-element_type=\"widget\" data-widget_type=\"heading.default\">\n\t\t\t\t<div class=\"elementor-widget-container\">\n\t\t\t\t\t<h1 class=\"elementor-heading-title elementor-size-default\">Dienstleistungen<\/h1>\t\t\t\t<\/div>\n\t\t\t\t<\/div>\n\t\t\t\t<div class=\"elementor-element elementor-element-111f4ab elementor-widget elementor-widget-heading\" data-id=\"111f4ab\" data-element_type=\"widget\" data-widget_type=\"heading.default\">\n\t\t\t\t<div class=\"elementor-widget-container\">\n\t\t\t\t\t<p class=\"elementor-heading-title elementor-size-default\">Wir sind f\u00fcr Sie da<\/p>\t\t\t\t<\/div>\n\t\t\t\t<\/div>\n\t\t\t\t<div class=\"elementor-element elementor-element-7a9baaf elementor-widget__width-initial elementor-absolute elementor-widget elementor-widget-image\" data-id=\"7a9baaf\" data-element_type=\"widget\" data-settings=\"{&quot;_position&quot;:&quot;absolute&quot;}\" data-widget_type=\"image.default\">\n\t\t\t\t<div class=\"elementor-widget-container\">\n\t\t\t\t\t\t\t\t\t\t\t\t\t\t\t<img fetchpriority=\"high\" decoding=\"async\" width=\"556\" height=\"258\" src=\"https:\/\/adema.nepomedia-staging.de\/wp-content\/uploads\/2025\/10\/Element-1.svg\" class=\"attachment-large size-large wp-image-884\" alt=\"Apfelblatt dunkelgr\u00fcn gespiegelt\" \/>\t\t\t\t\t\t\t\t\t\t\t\t\t\t\t<\/div>\n\t\t\t\t<\/div>\n\t\t\t\t\t<\/div>\n\t\t\t\t<\/div>\n\t\t<div class=\"elementor-element elementor-element-afc8a7b e-flex e-con-boxed e-con e-parent\" data-id=\"afc8a7b\" data-element_type=\"container\" data-settings=\"{&quot;background_background&quot;:&quot;classic&quot;,&quot;jet_parallax_layout_list&quot;:[]}\">\n\t\t\t\t\t<div class=\"e-con-inner\">\n\t\t<div class=\"elementor-element elementor-element-22cc4cf e-con-full e-flex e-con e-child\" data-id=\"22cc4cf\" data-element_type=\"container\" data-settings=\"{&quot;jet_parallax_layout_list&quot;:[]}\">\n\t\t\t\t<div class=\"elementor-element elementor-element-4bbfeb7 elementor-widget elementor-widget-heading\" data-id=\"4bbfeb7\" data-element_type=\"widget\" data-widget_type=\"heading.default\">\n\t\t\t\t<div class=\"elementor-widget-container\">\n\t\t\t\t\t<h2 class=\"elementor-heading-title elementor-size-default\">Dienstleistungen. BEI ADEMA BIETEN WIR UMFASSENDE DIENSTLEISTUNGEN AN, DIE AUF DIE ENTWICKLUNG UND DAS MANAGEMENT HOCHWERTIGER APFELSORTEN AUSGERICHTET SIND.<\/h2>\t\t\t\t<\/div>\n\t\t\t\t<\/div>\n\t\t\t\t<div class=\"elementor-element elementor-element-ea5f256 elementor-widget elementor-widget-text-editor\" data-id=\"ea5f256\" data-element_type=\"widget\" data-widget_type=\"text-editor.default\">\n\t\t\t\t<div class=\"elementor-widget-container\">\n\t\t\t\t\t\t\t\t\t<p>Unser Ansatz beginnt mit der sorgf\u00e4ltigen Entwicklung neuer Sorten, die einen strengen Forschungs- und Testprozess durchlaufen. Wir bewerten kontinuierlich das Potenzial jeder Sorte, um sicherzustellen, dass sie den h\u00f6chsten Qualit\u00e4tsstandards entspricht.<br>Sobald die Apfelsorten und -marken getestet und validiert sind, registrieren wir sie. Der n\u00e4chste Schritt ist die Erstellung eines ma\u00dfgeschneiderten Marketing- und Vertriebskonzepts. Und nach der Produkteinf\u00fchrung nutzen wir unser Know-how, um die Markenplatzierung zu verwalten und zu kontrollieren.<\/p><p>Mit mehr als 25 Jahren Erfahrung und einem globalen Netzwerk sind wir zuverl\u00e4ssige Fachleute, die unseren Kunden und Partnern einen erstklassigen Service bieten k\u00f6nnen. ADEMA ist Ihr zuverl\u00e4ssiger Partner f\u00fcr innovative Apfelsorten und effektive Marketingstrategien.<\/p>\t\t\t\t\t\t\t\t<\/div>\n\t\t\t\t<\/div>\n\t\t\t\t<\/div>\n\t\t<div class=\"elementor-element elementor-element-37c64a2 e-con-full e-flex e-con e-child\" data-id=\"37c64a2\" data-element_type=\"container\" data-settings=\"{&quot;jet_parallax_layout_list&quot;:[]}\">\n\t\t\t\t<div class=\"elementor-element elementor-element-7dc661c elementor-widget elementor-widget-image\" data-id=\"7dc661c\" data-element_type=\"widget\" data-widget_type=\"image.default\">\n\t\t\t\t<div class=\"elementor-widget-container\">\n\t\t\t\t\t\t\t\t\t\t\t\t\t\t\t<img decoding=\"async\" width=\"800\" height=\"531\" src=\"https:\/\/adema.nepomedia-staging.de\/wp-content\/uploads\/2025\/10\/Services-1024x680.webp\" class=\"attachment-large size-large wp-image-916\" alt=\"About Us - J\u00fcrgen inspiziert einen Apfel\" srcset=\"https:\/\/adema.nepomedia-staging.de\/wp-content\/uploads\/2025\/10\/Services-1024x680.webp 1024w, https:\/\/adema.nepomedia-staging.de\/wp-content\/uploads\/2025\/10\/Services-300x199.webp 300w, https:\/\/adema.nepomedia-staging.de\/wp-content\/uploads\/2025\/10\/Services-768x510.webp 768w, https:\/\/adema.nepomedia-staging.de\/wp-content\/uploads\/2025\/10\/Services.webp 1280w\" sizes=\"(max-width: 800px) 100vw, 800px\" \/>\t\t\t\t\t\t\t\t\t\t\t\t\t\t\t<\/div>\n\t\t\t\t<\/div>\n\t\t\t\t<\/div>\n\t\t\t\t\t<\/div>\n\t\t\t\t<\/div>\n\t\t\t\t<\/div>\n\t\t","protected":false},"excerpt":{"rendered":"<p>Dienstleistungen Wir sind f\u00fcr Sie da Dienstleistungen. BEI ADEMA BIETEN WIR UMFASSENDE DIENSTLEISTUNGEN AN, DIE AUF DIE ENTWICKLUNG UND DAS MANAGEMENT HOCHWERTIGER APFELSORTEN AUSGERICHTET SIND. Unser Ansatz beginnt mit der sorgf\u00e4ltigen Entwicklung neuer Sorten, die einen strengen Forschungs- und Testprozess durchlaufen. Wir bewerten kontinuierlich das Potenzial jeder Sorte, um sicherzustellen, dass sie den h\u00f6chsten Qualit\u00e4tsstandards [&hellip;]<\/p>\n","protected":false},"author":2,"featured_media":0,"parent":0,"menu_order":0,"comment_status":"closed","ping_status":"closed","template":"","meta":{"footnotes":""},"class_list":["post-912","page","type-page","status-publish","hentry"],"yoast_head":"<!-- This site is optimized with the Yoast SEO plugin v26.4 - https:\/\/yoast.com\/wordpress\/plugins\/seo\/ -->\n<title>-<\/title>\n<meta name=\"robots\" content=\"index, follow, max-snippet:-1, max-image-preview:large, max-video-preview:-1\" \/>\n<link rel=\"canonical\" href=\"https:\/\/adema.nepomedia-staging.de\/de\/dienstleistungen\/\" \/>\n<meta property=\"og:locale\" content=\"de_DE\" \/>\n<meta property=\"og:type\" content=\"article\" \/>\n<meta property=\"og:title\" content=\"-\" \/>\n<meta property=\"og:description\" content=\"Dienstleistungen Wir sind f\u00fcr Sie da Dienstleistungen. BEI ADEMA BIETEN WIR UMFASSENDE DIENSTLEISTUNGEN AN, DIE AUF DIE ENTWICKLUNG UND DAS MANAGEMENT HOCHWERTIGER APFELSORTEN AUSGERICHTET SIND. Unser Ansatz beginnt mit der sorgf\u00e4ltigen Entwicklung neuer Sorten, die einen strengen Forschungs- und Testprozess durchlaufen. Wir bewerten kontinuierlich das Potenzial jeder Sorte, um sicherzustellen, dass sie den h\u00f6chsten Qualit\u00e4tsstandards [&hellip;]\" \/>\n<meta property=\"og:url\" content=\"https:\/\/adema.nepomedia-staging.de\/de\/dienstleistungen\/\" \/>\n<meta property=\"og:site_name\" content=\"ADEMA\" \/>\n<meta property=\"article:modified_time\" content=\"2025-11-20T10:34:21+00:00\" \/>\n<meta name=\"twitter:card\" content=\"summary_large_image\" \/>\n<meta name=\"twitter:label1\" content=\"Gesch\u00e4tzte Lesezeit\" \/>\n\t<meta name=\"twitter:data1\" content=\"1\u00a0Minute\" \/>\n<script type=\"application\/ld+json\" class=\"yoast-schema-graph\">{\"@context\":\"https:\/\/schema.org\",\"@graph\":[{\"@type\":\"WebPage\",\"@id\":\"https:\/\/adema.nepomedia-staging.de\/de\/dienstleistungen\/\",\"url\":\"https:\/\/adema.nepomedia-staging.de\/de\/dienstleistungen\/\",\"name\":\"-\",\"isPartOf\":{\"@id\":\"https:\/\/adema.nepomedia-staging.de\/de\/#website\"},\"primaryImageOfPage\":{\"@id\":\"https:\/\/adema.nepomedia-staging.de\/de\/dienstleistungen\/#primaryimage\"},\"image\":{\"@id\":\"https:\/\/adema.nepomedia-staging.de\/de\/dienstleistungen\/#primaryimage\"},\"thumbnailUrl\":\"https:\/\/adema.nepomedia-staging.de\/wp-content\/uploads\/2025\/10\/Element-1.svg\",\"datePublished\":\"2025-10-22T09:19:36+00:00\",\"dateModified\":\"2025-11-20T10:34:21+00:00\",\"breadcrumb\":{\"@id\":\"https:\/\/adema.nepomedia-staging.de\/de\/dienstleistungen\/#breadcrumb\"},\"inLanguage\":\"de\",\"potentialAction\":[{\"@type\":\"ReadAction\",\"target\":[\"https:\/\/adema.nepomedia-staging.de\/de\/dienstleistungen\/\"]}]},{\"@type\":\"ImageObject\",\"inLanguage\":\"de\",\"@id\":\"https:\/\/adema.nepomedia-staging.de\/de\/dienstleistungen\/#primaryimage\",\"url\":\"https:\/\/adema.nepomedia-staging.de\/wp-content\/uploads\/2025\/10\/Element-1.svg\",\"contentUrl\":\"https:\/\/adema.nepomedia-staging.de\/wp-content\/uploads\/2025\/10\/Element-1.svg\"},{\"@type\":\"BreadcrumbList\",\"@id\":\"https:\/\/adema.nepomedia-staging.de\/de\/dienstleistungen\/#breadcrumb\",\"itemListElement\":[{\"@type\":\"ListItem\",\"position\":1,\"name\":\"Startseite\",\"item\":\"https:\/\/adema.nepomedia-staging.de\/de\/startseite\/\"},{\"@type\":\"ListItem\",\"position\":2,\"name\":\"Dienstleistungen\"}]},{\"@type\":\"WebSite\",\"@id\":\"https:\/\/adema.nepomedia-staging.de\/de\/#website\",\"url\":\"https:\/\/adema.nepomedia-staging.de\/de\/\",\"name\":\"ADEMA\",\"description\":\"Apple Entwicklung &amp; Management\",\"publisher\":{\"@id\":\"https:\/\/adema.nepomedia-staging.de\/de\/#organization\"},\"potentialAction\":[{\"@type\":\"SearchAction\",\"target\":{\"@type\":\"EntryPoint\",\"urlTemplate\":\"https:\/\/adema.nepomedia-staging.de\/de\/?s={search_term_string}\"},\"query-input\":{\"@type\":\"PropertyValueSpecification\",\"valueRequired\":true,\"valueName\":\"search_term_string\"}}],\"inLanguage\":\"de\"},{\"@type\":\"Organization\",\"@id\":\"https:\/\/adema.nepomedia-staging.de\/de\/#organization\",\"name\":\"ADEMA\",\"url\":\"https:\/\/adema.nepomedia-staging.de\/de\/\",\"logo\":{\"@type\":\"ImageObject\",\"inLanguage\":\"de\",\"@id\":\"https:\/\/adema.nepomedia-staging.de\/de\/#\/schema\/logo\/image\/\",\"url\":\"https:\/\/adema.nepomedia-staging.de\/wp-content\/uploads\/2024\/11\/Adema_Logo_RGB.svg\",\"contentUrl\":\"https:\/\/adema.nepomedia-staging.de\/wp-content\/uploads\/2024\/11\/Adema_Logo_RGB.svg\",\"caption\":\"ADEMA\"},\"image\":{\"@id\":\"https:\/\/adema.nepomedia-staging.de\/de\/#\/schema\/logo\/image\/\"},\"sameAs\":[\"https:\/\/www.linkedin.com\/in\/jrgen-braun-537997151\/\"]}]}<\/script>\n<!-- \/ Yoast SEO plugin. -->","yoast_head_json":{"title":"-","robots":{"index":"index","follow":"follow","max-snippet":"max-snippet:-1","max-image-preview":"max-image-preview:large","max-video-preview":"max-video-preview:-1"},"canonical":"https:\/\/adema.nepomedia-staging.de\/de\/dienstleistungen\/","og_locale":"de_DE","og_type":"article","og_title":"-","og_description":"Dienstleistungen Wir sind f\u00fcr Sie da Dienstleistungen. BEI ADEMA BIETEN WIR UMFASSENDE DIENSTLEISTUNGEN AN, DIE AUF DIE ENTWICKLUNG UND DAS MANAGEMENT HOCHWERTIGER APFELSORTEN AUSGERICHTET SIND. Unser Ansatz beginnt mit der sorgf\u00e4ltigen Entwicklung neuer Sorten, die einen strengen Forschungs- und Testprozess durchlaufen. Wir bewerten kontinuierlich das Potenzial jeder Sorte, um sicherzustellen, dass sie den h\u00f6chsten Qualit\u00e4tsstandards [&hellip;]","og_url":"https:\/\/adema.nepomedia-staging.de\/de\/dienstleistungen\/","og_site_name":"ADEMA","article_modified_time":"2025-11-20T10:34:21+00:00","twitter_card":"summary_large_image","twitter_misc":{"Gesch\u00e4tzte Lesezeit":"1\u00a0Minute"},"schema":{"@context":"https:\/\/schema.org","@graph":[{"@type":"WebPage","@id":"https:\/\/adema.nepomedia-staging.de\/de\/dienstleistungen\/","url":"https:\/\/adema.nepomedia-staging.de\/de\/dienstleistungen\/","name":"-","isPartOf":{"@id":"https:\/\/adema.nepomedia-staging.de\/de\/#website"},"primaryImageOfPage":{"@id":"https:\/\/adema.nepomedia-staging.de\/de\/dienstleistungen\/#primaryimage"},"image":{"@id":"https:\/\/adema.nepomedia-staging.de\/de\/dienstleistungen\/#primaryimage"},"thumbnailUrl":"https:\/\/adema.nepomedia-staging.de\/wp-content\/uploads\/2025\/10\/Element-1.svg","datePublished":"2025-10-22T09:19:36+00:00","dateModified":"2025-11-20T10:34:21+00:00","breadcrumb":{"@id":"https:\/\/adema.nepomedia-staging.de\/de\/dienstleistungen\/#breadcrumb"},"inLanguage":"de","potentialAction":[{"@type":"ReadAction","target":["https:\/\/adema.nepomedia-staging.de\/de\/dienstleistungen\/"]}]},{"@type":"ImageObject","inLanguage":"de","@id":"https:\/\/adema.nepomedia-staging.de\/de\/dienstleistungen\/#primaryimage","url":"https:\/\/adema.nepomedia-staging.de\/wp-content\/uploads\/2025\/10\/Element-1.svg","contentUrl":"https:\/\/adema.nepomedia-staging.de\/wp-content\/uploads\/2025\/10\/Element-1.svg"},{"@type":"BreadcrumbList","@id":"https:\/\/adema.nepomedia-staging.de\/de\/dienstleistungen\/#breadcrumb","itemListElement":[{"@type":"ListItem","position":1,"name":"Startseite","item":"https:\/\/adema.nepomedia-staging.de\/de\/startseite\/"},{"@type":"ListItem","position":2,"name":"Dienstleistungen"}]},{"@type":"WebSite","@id":"https:\/\/adema.nepomedia-staging.de\/de\/#website","url":"https:\/\/adema.nepomedia-staging.de\/de\/","name":"ADEMA","description":"Apple Entwicklung &amp; Management","publisher":{"@id":"https:\/\/adema.nepomedia-staging.de\/de\/#organization"},"potentialAction":[{"@type":"SearchAction","target":{"@type":"EntryPoint","urlTemplate":"https:\/\/adema.nepomedia-staging.de\/de\/?s={search_term_string}"},"query-input":{"@type":"PropertyValueSpecification","valueRequired":true,"valueName":"search_term_string"}}],"inLanguage":"de"},{"@type":"Organization","@id":"https:\/\/adema.nepomedia-staging.de\/de\/#organization","name":"ADEMA","url":"https:\/\/adema.nepomedia-staging.de\/de\/","logo":{"@type":"ImageObject","inLanguage":"de","@id":"https:\/\/adema.nepomedia-staging.de\/de\/#\/schema\/logo\/image\/","url":"https:\/\/adema.nepomedia-staging.de\/wp-content\/uploads\/2024\/11\/Adema_Logo_RGB.svg","contentUrl":"https:\/\/adema.nepomedia-staging.de\/wp-content\/uploads\/2024\/11\/Adema_Logo_RGB.svg","caption":"ADEMA"},"image":{"@id":"https:\/\/adema.nepomedia-staging.de\/de\/#\/schema\/logo\/image\/"},"sameAs":["https:\/\/www.linkedin.com\/in\/jrgen-braun-537997151\/"]}]}},"_links":{"self":[{"href":"https:\/\/adema.nepomedia-staging.de\/de\/wp-json\/wp\/v2\/pages\/912","targetHints":{"allow":["GET"]}}],"collection":[{"href":"https:\/\/adema.nepomedia-staging.de\/de\/wp-json\/wp\/v2\/pages"}],"about":[{"href":"https:\/\/adema.nepomedia-staging.de\/de\/wp-json\/wp\/v2\/types\/page"}],"author":[{"embeddable":true,"href":"https:\/\/adema.nepomedia-staging.de\/de\/wp-json\/wp\/v2\/users\/2"}],"replies":[{"embeddable":true,"href":"https:\/\/adema.nepomedia-staging.de\/de\/wp-json\/wp\/v2\/comments?post=912"}],"version-history":[{"count":7,"href":"https:\/\/adema.nepomedia-staging.de\/de\/wp-json\/wp\/v2\/pages\/912\/revisions"}],"predecessor-version":[{"id":1322,"href":"https:\/\/adema.nepomedia-staging.de\/de\/wp-json\/wp\/v2\/pages\/912\/revisions\/1322"}],"wp:attachment":[{"href":"https:\/\/adema.nepomedia-staging.de\/de\/wp-json\/wp\/v2\/media?parent=912"}],"curies":[{"name":"wp","href":"https:\/\/api.w.org\/{rel}","templated":true}]}}