{"id":957,"date":"2024-11-08T09:14:28","date_gmt":"2024-11-08T08:14:28","guid":{"rendered":"https:\/\/adema.nepomedia-staging.de\/impressum\/"},"modified":"2025-11-17T10:32:43","modified_gmt":"2025-11-17T09:32:43","slug":"impressum","status":"publish","type":"page","link":"https:\/\/adema.nepomedia-staging.de\/de\/impressum\/","title":{"rendered":"Impressum"},"content":{"rendered":"\t\t<div data-elementor-type=\"wp-page\" data-elementor-id=\"957\" class=\"elementor elementor-957 elementor-9\" data-elementor-post-type=\"page\">\n\t\t\t\t<div class=\"elementor-element elementor-element-adc34e2 e-flex e-con-boxed e-con e-parent\" data-id=\"adc34e2\" data-element_type=\"container\" data-settings=\"{&quot;jet_parallax_layout_list&quot;:[]}\">\n\t\t\t\t\t<div class=\"e-con-inner\">\n\t\t\t\t<div class=\"elementor-element elementor-element-eb26dcc elementor-widget elementor-widget-heading\" data-id=\"eb26dcc\" data-element_type=\"widget\" data-widget_type=\"heading.default\">\n\t\t\t\t<div class=\"elementor-widget-container\">\n\t\t\t\t\t<h1 class=\"elementor-heading-title elementor-size-default\">Impressum<\/h1>\t\t\t\t<\/div>\n\t\t\t\t<\/div>\n\t\t\t\t<div class=\"elementor-element elementor-element-df2d2ee elementor-widget elementor-widget-text-editor\" data-id=\"df2d2ee\" data-element_type=\"widget\" data-widget_type=\"text-editor.default\">\n\t\t\t\t<div class=\"elementor-widget-container\">\n\t\t\t\t\t\t\t\t\t<p>ADEMA GmbH\/Srl<\/p><p>mit alleinigem Gesellschafter | a socio unico<br>Via Colterenzio 3<br>39057 Eppan (BZ)<br>S\u00fcdtirol | Italien<\/p><p>MwSt-Nr.\/P.IVA: IT01745080216<br>Gesellschaftskapital\/Cap.Soc.: Euro 25.000<br>Eintrag ins Handelsregister Bozen Nr.\/Inscrizione Camera di Commercio Bolzano no. 01745080216<\/p><p><strong> <\/strong><\/p><p><strong>Vertreten durch:<\/strong><br>Dr. J\u00fcrgen Braun<\/p><h2> <\/h2><h2>Kontakt<\/h2><p>Telefon: +39 0471 660 640<br>Mobil: <a title=\"Rufen Sie +393397994442 \u00fcber 3CX an\" target=\"_blank\" rel=\"noopener\">+39 339 79 94 442<\/a><br>E-Mail: <a href=\"mailto:j@adema.nepomedia-staging.de\">j@adema.nepomedia-staging.de<\/a><\/p><h2> <\/h2><h2>EU-Streitbeilegung<\/h2><p>Die Europ\u00e4ische Kommission stellt eine Plattform f\u00fcr die Online-Streitbeilegung (ODR) zur Verf\u00fcgung: <a href=\"https:\/\/ec.europa.eu\/consumers\/odr\/\" target=\"_blank\" rel=\"noopener noreferrer\">https:\/\/ec.europa.eu\/consumers\/odr\/.<\/a><br>Unsere E-Mail-Adresse finden Sie oben im Impressum der Website.<\/p><h2> <\/h2><h2>Streitschlichtungsverfahren vor einer Verbraucherschlichtungsstelle<\/h2><p>Wir sind nicht bereit oder verpflichtet, an einem Streitbeilegungsverfahren vor einer Verbraucherschlichtungsstelle teilzunehmen.<\/p><h2> <\/h2><h2>Agentur f\u00fcr Kommunikation  <\/h2><p><a href=\"http:\/\/www.tm-branding.it\" target=\"_blank\" rel=\"noopener\">www.tm-branding.it  <\/a><\/p><h2> <\/h2><h2>Bildnachweis  <\/h2><div>ADEMA GmbH  <\/div><div><div>shutterstock\/S.Borisov<\/div><div>shutterstock\/Olga Spasionnikova<\/div><div>shutterstock\/nadia_if<\/div><\/div><div><div>shutterstock\/gpointstudio<\/div><div>unsplash\/Natalie Grainger<\/div><\/div>\t\t\t\t\t\t\t\t<\/div>\n\t\t\t\t<\/div>\n\t\t\t\t\t<\/div>\n\t\t\t\t<\/div>\n\t\t\t\t<\/div>\n\t\t","protected":false},"excerpt":{"rendered":"<p>Impressum ADEMA GmbH\/Srl mit alleinigem Gesellschafter | a socio unicoVia Colterenzio 339057 Eppan (BZ)S\u00fcdtirol | Italien MwSt-Nr.\/P.IVA: IT01745080216Gesellschaftskapital\/Cap.Soc.: Euro 25.000Eintrag ins Handelsregister Bozen Nr.\/Inscrizione Camera di Commercio Bolzano no. 01745080216 Vertreten durch:Dr. J\u00fcrgen Braun Kontakt Telefon: +39 0471 660 640Mobil: +39 339 79 94 442E-Mail: j@adema.nepomedia-staging.de EU-Streitbeilegung Die Europ\u00e4ische Kommission stellt eine Plattform f\u00fcr die [&hellip;]<\/p>\n","protected":false},"author":2,"featured_media":0,"parent":0,"menu_order":0,"comment_status":"closed","ping_status":"closed","template":"","meta":{"footnotes":""},"class_list":["post-957","page","type-page","status-publish","hentry"],"yoast_head":"<!-- This site is optimized with the Yoast SEO plugin v26.4 - https:\/\/yoast.com\/wordpress\/plugins\/seo\/ -->\n<title>-<\/title>\n<meta name=\"robots\" content=\"index, follow, max-snippet:-1, max-image-preview:large, max-video-preview:-1\" \/>\n<link rel=\"canonical\" href=\"https:\/\/adema.nepomedia-staging.de\/de\/impressum\/\" \/>\n<meta property=\"og:locale\" content=\"de_DE\" \/>\n<meta property=\"og:type\" content=\"article\" \/>\n<meta property=\"og:title\" content=\"-\" \/>\n<meta property=\"og:description\" content=\"Impressum ADEMA GmbH\/Srl mit alleinigem Gesellschafter | a socio unicoVia Colterenzio 339057 Eppan (BZ)S\u00fcdtirol | Italien MwSt-Nr.\/P.IVA: IT01745080216Gesellschaftskapital\/Cap.Soc.: Euro 25.000Eintrag ins Handelsregister Bozen Nr.\/Inscrizione Camera di Commercio Bolzano no. 01745080216 Vertreten durch:Dr. J\u00fcrgen Braun Kontakt Telefon: +39 0471 660 640Mobil: +39 339 79 94 442E-Mail: j@adema.nepomedia-staging.de EU-Streitbeilegung Die Europ\u00e4ische Kommission stellt eine Plattform f\u00fcr die [&hellip;]\" \/>\n<meta property=\"og:url\" content=\"https:\/\/adema.nepomedia-staging.de\/de\/impressum\/\" \/>\n<meta property=\"og:site_name\" content=\"ADEMA\" \/>\n<meta property=\"article:modified_time\" content=\"2025-11-17T09:32:43+00:00\" \/>\n<meta name=\"twitter:card\" content=\"summary_large_image\" \/>\n<meta name=\"twitter:label1\" content=\"Gesch\u00e4tzte Lesezeit\" \/>\n\t<meta name=\"twitter:data1\" content=\"1\u00a0Minute\" \/>\n<script type=\"application\/ld+json\" class=\"yoast-schema-graph\">{\"@context\":\"https:\/\/schema.org\",\"@graph\":[{\"@type\":\"WebPage\",\"@id\":\"https:\/\/adema.nepomedia-staging.de\/de\/impressum\/\",\"url\":\"https:\/\/adema.nepomedia-staging.de\/de\/impressum\/\",\"name\":\"-\",\"isPartOf\":{\"@id\":\"https:\/\/adema.nepomedia-staging.de\/de\/#website\"},\"datePublished\":\"2024-11-08T08:14:28+00:00\",\"dateModified\":\"2025-11-17T09:32:43+00:00\",\"breadcrumb\":{\"@id\":\"https:\/\/adema.nepomedia-staging.de\/de\/impressum\/#breadcrumb\"},\"inLanguage\":\"de\",\"potentialAction\":[{\"@type\":\"ReadAction\",\"target\":[\"https:\/\/adema.nepomedia-staging.de\/de\/impressum\/\"]}]},{\"@type\":\"BreadcrumbList\",\"@id\":\"https:\/\/adema.nepomedia-staging.de\/de\/impressum\/#breadcrumb\",\"itemListElement\":[{\"@type\":\"ListItem\",\"position\":1,\"name\":\"Startseite\",\"item\":\"https:\/\/adema.nepomedia-staging.de\/de\/startseite\/\"},{\"@type\":\"ListItem\",\"position\":2,\"name\":\"Impressum\"}]},{\"@type\":\"WebSite\",\"@id\":\"https:\/\/adema.nepomedia-staging.de\/de\/#website\",\"url\":\"https:\/\/adema.nepomedia-staging.de\/de\/\",\"name\":\"ADEMA\",\"description\":\"Apple Entwicklung &amp; Management\",\"publisher\":{\"@id\":\"https:\/\/adema.nepomedia-staging.de\/de\/#organization\"},\"potentialAction\":[{\"@type\":\"SearchAction\",\"target\":{\"@type\":\"EntryPoint\",\"urlTemplate\":\"https:\/\/adema.nepomedia-staging.de\/de\/?s={search_term_string}\"},\"query-input\":{\"@type\":\"PropertyValueSpecification\",\"valueRequired\":true,\"valueName\":\"search_term_string\"}}],\"inLanguage\":\"de\"},{\"@type\":\"Organization\",\"@id\":\"https:\/\/adema.nepomedia-staging.de\/de\/#organization\",\"name\":\"ADEMA\",\"url\":\"https:\/\/adema.nepomedia-staging.de\/de\/\",\"logo\":{\"@type\":\"ImageObject\",\"inLanguage\":\"de\",\"@id\":\"https:\/\/adema.nepomedia-staging.de\/de\/#\/schema\/logo\/image\/\",\"url\":\"https:\/\/adema.nepomedia-staging.de\/wp-content\/uploads\/2024\/11\/Adema_Logo_RGB.svg\",\"contentUrl\":\"https:\/\/adema.nepomedia-staging.de\/wp-content\/uploads\/2024\/11\/Adema_Logo_RGB.svg\",\"caption\":\"ADEMA\"},\"image\":{\"@id\":\"https:\/\/adema.nepomedia-staging.de\/de\/#\/schema\/logo\/image\/\"},\"sameAs\":[\"https:\/\/www.linkedin.com\/in\/jrgen-braun-537997151\/\"]}]}<\/script>\n<!-- \/ Yoast SEO plugin. -->","yoast_head_json":{"title":"-","robots":{"index":"index","follow":"follow","max-snippet":"max-snippet:-1","max-image-preview":"max-image-preview:large","max-video-preview":"max-video-preview:-1"},"canonical":"https:\/\/adema.nepomedia-staging.de\/de\/impressum\/","og_locale":"de_DE","og_type":"article","og_title":"-","og_description":"Impressum ADEMA GmbH\/Srl mit alleinigem Gesellschafter | a socio unicoVia Colterenzio 339057 Eppan (BZ)S\u00fcdtirol | Italien MwSt-Nr.\/P.IVA: IT01745080216Gesellschaftskapital\/Cap.Soc.: Euro 25.000Eintrag ins Handelsregister Bozen Nr.\/Inscrizione Camera di Commercio Bolzano no. 01745080216 Vertreten durch:Dr. J\u00fcrgen Braun Kontakt Telefon: +39 0471 660 640Mobil: +39 339 79 94 442E-Mail: j@adema.nepomedia-staging.de EU-Streitbeilegung Die Europ\u00e4ische Kommission stellt eine Plattform f\u00fcr die [&hellip;]","og_url":"https:\/\/adema.nepomedia-staging.de\/de\/impressum\/","og_site_name":"ADEMA","article_modified_time":"2025-11-17T09:32:43+00:00","twitter_card":"summary_large_image","twitter_misc":{"Gesch\u00e4tzte Lesezeit":"1\u00a0Minute"},"schema":{"@context":"https:\/\/schema.org","@graph":[{"@type":"WebPage","@id":"https:\/\/adema.nepomedia-staging.de\/de\/impressum\/","url":"https:\/\/adema.nepomedia-staging.de\/de\/impressum\/","name":"-","isPartOf":{"@id":"https:\/\/adema.nepomedia-staging.de\/de\/#website"},"datePublished":"2024-11-08T08:14:28+00:00","dateModified":"2025-11-17T09:32:43+00:00","breadcrumb":{"@id":"https:\/\/adema.nepomedia-staging.de\/de\/impressum\/#breadcrumb"},"inLanguage":"de","potentialAction":[{"@type":"ReadAction","target":["https:\/\/adema.nepomedia-staging.de\/de\/impressum\/"]}]},{"@type":"BreadcrumbList","@id":"https:\/\/adema.nepomedia-staging.de\/de\/impressum\/#breadcrumb","itemListElement":[{"@type":"ListItem","position":1,"name":"Startseite","item":"https:\/\/adema.nepomedia-staging.de\/de\/startseite\/"},{"@type":"ListItem","position":2,"name":"Impressum"}]},{"@type":"WebSite","@id":"https:\/\/adema.nepomedia-staging.de\/de\/#website","url":"https:\/\/adema.nepomedia-staging.de\/de\/","name":"ADEMA","description":"Apple Entwicklung &amp; Management","publisher":{"@id":"https:\/\/adema.nepomedia-staging.de\/de\/#organization"},"potentialAction":[{"@type":"SearchAction","target":{"@type":"EntryPoint","urlTemplate":"https:\/\/adema.nepomedia-staging.de\/de\/?s={search_term_string}"},"query-input":{"@type":"PropertyValueSpecification","valueRequired":true,"valueName":"search_term_string"}}],"inLanguage":"de"},{"@type":"Organization","@id":"https:\/\/adema.nepomedia-staging.de\/de\/#organization","name":"ADEMA","url":"https:\/\/adema.nepomedia-staging.de\/de\/","logo":{"@type":"ImageObject","inLanguage":"de","@id":"https:\/\/adema.nepomedia-staging.de\/de\/#\/schema\/logo\/image\/","url":"https:\/\/adema.nepomedia-staging.de\/wp-content\/uploads\/2024\/11\/Adema_Logo_RGB.svg","contentUrl":"https:\/\/adema.nepomedia-staging.de\/wp-content\/uploads\/2024\/11\/Adema_Logo_RGB.svg","caption":"ADEMA"},"image":{"@id":"https:\/\/adema.nepomedia-staging.de\/de\/#\/schema\/logo\/image\/"},"sameAs":["https:\/\/www.linkedin.com\/in\/jrgen-braun-537997151\/"]}]}},"_links":{"self":[{"href":"https:\/\/adema.nepomedia-staging.de\/de\/wp-json\/wp\/v2\/pages\/957","targetHints":{"allow":["GET"]}}],"collection":[{"href":"https:\/\/adema.nepomedia-staging.de\/de\/wp-json\/wp\/v2\/pages"}],"about":[{"href":"https:\/\/adema.nepomedia-staging.de\/de\/wp-json\/wp\/v2\/types\/page"}],"author":[{"embeddable":true,"href":"https:\/\/adema.nepomedia-staging.de\/de\/wp-json\/wp\/v2\/users\/2"}],"replies":[{"embeddable":true,"href":"https:\/\/adema.nepomedia-staging.de\/de\/wp-json\/wp\/v2\/comments?post=957"}],"version-history":[{"count":1,"href":"https:\/\/adema.nepomedia-staging.de\/de\/wp-json\/wp\/v2\/pages\/957\/revisions"}],"predecessor-version":[{"id":959,"href":"https:\/\/adema.nepomedia-staging.de\/de\/wp-json\/wp\/v2\/pages\/957\/revisions\/959"}],"wp:attachment":[{"href":"https:\/\/adema.nepomedia-staging.de\/de\/wp-json\/wp\/v2\/media?parent=957"}],"curies":[{"name":"wp","href":"https:\/\/api.w.org\/{rel}","templated":true}]}}