{"id":883,"date":"2025-10-22T11:19:36","date_gmt":"2025-10-22T09:19:36","guid":{"rendered":"https:\/\/adema.nepomedia-staging.de\/servizi\/"},"modified":"2025-11-20T11:32:01","modified_gmt":"2025-11-20T10:32:01","slug":"servizi","status":"publish","type":"page","link":"https:\/\/adema.nepomedia-staging.de\/it\/servizi\/","title":{"rendered":"Servizi"},"content":{"rendered":"\t\t<div data-elementor-type=\"wp-page\" data-elementor-id=\"883\" class=\"elementor elementor-883 elementor-509\" data-elementor-post-type=\"page\">\n\t\t\t\t<div class=\"elementor-element elementor-element-5cea004 e-flex e-con-boxed e-con e-parent\" data-id=\"5cea004\" data-element_type=\"container\" data-settings=\"{&quot;background_background&quot;:&quot;classic&quot;,&quot;jet_parallax_layout_list&quot;:[]}\">\n\t\t\t\t\t<div class=\"e-con-inner\">\n\t\t\t\t<div class=\"elementor-element elementor-element-163748b elementor-widget elementor-widget-heading\" data-id=\"163748b\" data-element_type=\"widget\" data-widget_type=\"heading.default\">\n\t\t\t\t<div class=\"elementor-widget-container\">\n\t\t\t\t\t<h1 class=\"elementor-heading-title elementor-size-default\">Servizi<\/h1>\t\t\t\t<\/div>\n\t\t\t\t<\/div>\n\t\t\t\t<div class=\"elementor-element elementor-element-111f4ab elementor-widget elementor-widget-heading\" data-id=\"111f4ab\" data-element_type=\"widget\" data-widget_type=\"heading.default\">\n\t\t\t\t<div class=\"elementor-widget-container\">\n\t\t\t\t\t<p class=\"elementor-heading-title elementor-size-default\">Siamo qui per te<\/p>\t\t\t\t<\/div>\n\t\t\t\t<\/div>\n\t\t\t\t<div class=\"elementor-element elementor-element-7a9baaf elementor-widget__width-initial elementor-absolute elementor-widget elementor-widget-image\" data-id=\"7a9baaf\" data-element_type=\"widget\" data-settings=\"{&quot;_position&quot;:&quot;absolute&quot;}\" data-widget_type=\"image.default\">\n\t\t\t\t<div class=\"elementor-widget-container\">\n\t\t\t\t\t\t\t\t\t\t\t\t\t\t\t<img fetchpriority=\"high\" decoding=\"async\" width=\"556\" height=\"258\" src=\"https:\/\/adema.nepomedia-staging.de\/wp-content\/uploads\/2025\/10\/Element-1.svg\" class=\"attachment-large size-large wp-image-887\" alt=\"foglia\" \/>\t\t\t\t\t\t\t\t\t\t\t\t\t\t\t<\/div>\n\t\t\t\t<\/div>\n\t\t\t\t\t<\/div>\n\t\t\t\t<\/div>\n\t\t<div class=\"elementor-element elementor-element-afc8a7b e-flex e-con-boxed e-con e-parent\" data-id=\"afc8a7b\" data-element_type=\"container\" data-settings=\"{&quot;background_background&quot;:&quot;classic&quot;,&quot;jet_parallax_layout_list&quot;:[]}\">\n\t\t\t\t\t<div class=\"e-con-inner\">\n\t\t<div class=\"elementor-element elementor-element-22cc4cf e-con-full e-flex e-con e-child\" data-id=\"22cc4cf\" data-element_type=\"container\" data-settings=\"{&quot;jet_parallax_layout_list&quot;:[]}\">\n\t\t\t\t<div class=\"elementor-element elementor-element-4bbfeb7 elementor-widget elementor-widget-heading\" data-id=\"4bbfeb7\" data-element_type=\"widget\" data-widget_type=\"heading.default\">\n\t\t\t\t<div class=\"elementor-widget-container\">\n\t\t\t\t\t<h2 class=\"elementor-heading-title elementor-size-default\">Servizi. DA ADEMA OFFRIAMO SERVIZI COMPLETI INCENTRATI SULLO SVILUPPO E SULLA GESTIONE DI VARIET\u00c0 DI MELE DI ALTA QUALIT\u00c0.<\/h2>\t\t\t\t<\/div>\n\t\t\t\t<\/div>\n\t\t\t\t<div class=\"elementor-element elementor-element-ea5f256 elementor-widget elementor-widget-text-editor\" data-id=\"ea5f256\" data-element_type=\"widget\" data-widget_type=\"text-editor.default\">\n\t\t\t\t<div class=\"elementor-widget-container\">\n\t\t\t\t\t\t\t\t\t<p>Il nostro approccio inizia con lo sviluppo accurato di nuove variet\u00e0, che attraversano un rigoroso processo di ricerca e di test. Valutiamo continuamente il potenziale di ogni variet\u00e0 per garantire che soddisfi i pi\u00f9 alti standard di qualit\u00e0.<br>Una volta che le variet\u00e0 e i marchi di mele sono stati testati e validati, provvediamo alla loro registrazione. Il passo successivo \u00e8 la creazione di un concetto di marketing e vendita su misura. E dopo il lancio del prodotto, utilizziamo la nostra competenza per gestire e controllare il posizionamento del marchio.<\/p><p>Con oltre 25 anni di esperienza e una rete globale, siamo professionisti affidabili in grado di offrire ai nostri clienti e partner un servizio di prima classe. ADEMA \u00e8 il vostro partner di fiducia per variet\u00e0 di mele innovative e strategie di marketing efficaci.<\/p>\t\t\t\t\t\t\t\t<\/div>\n\t\t\t\t<\/div>\n\t\t\t\t<\/div>\n\t\t<div class=\"elementor-element elementor-element-37c64a2 e-con-full e-flex e-con e-child\" data-id=\"37c64a2\" data-element_type=\"container\" data-settings=\"{&quot;jet_parallax_layout_list&quot;:[]}\">\n\t\t\t\t<div class=\"elementor-element elementor-element-7dc661c elementor-widget elementor-widget-image\" data-id=\"7dc661c\" data-element_type=\"widget\" data-widget_type=\"image.default\">\n\t\t\t\t<div class=\"elementor-widget-container\">\n\t\t\t\t\t\t\t\t\t\t\t\t\t\t\t<img decoding=\"async\" width=\"800\" height=\"531\" src=\"https:\/\/adema.nepomedia-staging.de\/wp-content\/uploads\/2025\/10\/Services-1024x680.webp\" class=\"attachment-large size-large wp-image-893\" alt=\"About Us - J\u00fcrgen inspiziert einen Apfel\" srcset=\"https:\/\/adema.nepomedia-staging.de\/wp-content\/uploads\/2025\/10\/Services-1024x680.webp 1024w, https:\/\/adema.nepomedia-staging.de\/wp-content\/uploads\/2025\/10\/Services-300x199.webp 300w, https:\/\/adema.nepomedia-staging.de\/wp-content\/uploads\/2025\/10\/Services-768x510.webp 768w, https:\/\/adema.nepomedia-staging.de\/wp-content\/uploads\/2025\/10\/Services.webp 1280w\" sizes=\"(max-width: 800px) 100vw, 800px\" \/>\t\t\t\t\t\t\t\t\t\t\t\t\t\t\t<\/div>\n\t\t\t\t<\/div>\n\t\t\t\t<\/div>\n\t\t\t\t\t<\/div>\n\t\t\t\t<\/div>\n\t\t\t\t<\/div>\n\t\t","protected":false},"excerpt":{"rendered":"<p>Servizi Siamo qui per te Servizi. DA ADEMA OFFRIAMO SERVIZI COMPLETI INCENTRATI SULLO SVILUPPO E SULLA GESTIONE DI VARIET\u00c0 DI MELE DI ALTA QUALIT\u00c0. Il nostro approccio inizia con lo sviluppo accurato di nuove variet\u00e0, che attraversano un rigoroso processo di ricerca e di test. Valutiamo continuamente il potenziale di ogni variet\u00e0 per garantire che [&hellip;]<\/p>\n","protected":false},"author":2,"featured_media":0,"parent":0,"menu_order":0,"comment_status":"closed","ping_status":"closed","template":"","meta":{"footnotes":""},"class_list":["post-883","page","type-page","status-publish","hentry"],"yoast_head":"<!-- This site is optimized with the Yoast SEO plugin v26.4 - https:\/\/yoast.com\/wordpress\/plugins\/seo\/ -->\n<title>- %<\/title>\n<meta name=\"robots\" content=\"index, follow, max-snippet:-1, max-image-preview:large, max-video-preview:-1\" \/>\n<link rel=\"canonical\" href=\"https:\/\/adema.nepomedia-staging.de\/it\/servizi\/\" \/>\n<meta property=\"og:locale\" content=\"it_IT\" \/>\n<meta property=\"og:type\" content=\"article\" \/>\n<meta property=\"og:title\" content=\"- %\" \/>\n<meta property=\"og:description\" content=\"Servizi Siamo qui per te Servizi. DA ADEMA OFFRIAMO SERVIZI COMPLETI INCENTRATI SULLO SVILUPPO E SULLA GESTIONE DI VARIET\u00c0 DI MELE DI ALTA QUALIT\u00c0. Il nostro approccio inizia con lo sviluppo accurato di nuove variet\u00e0, che attraversano un rigoroso processo di ricerca e di test. Valutiamo continuamente il potenziale di ogni variet\u00e0 per garantire che [&hellip;]\" \/>\n<meta property=\"og:url\" content=\"https:\/\/adema.nepomedia-staging.de\/it\/servizi\/\" \/>\n<meta property=\"og:site_name\" content=\"ADEMA\" \/>\n<meta property=\"article:modified_time\" content=\"2025-11-20T10:32:01+00:00\" \/>\n<meta name=\"twitter:card\" content=\"summary_large_image\" \/>\n<meta name=\"twitter:label1\" content=\"Tempo di lettura stimato\" \/>\n\t<meta name=\"twitter:data1\" content=\"1 minuto\" \/>\n<script type=\"application\/ld+json\" class=\"yoast-schema-graph\">{\"@context\":\"https:\/\/schema.org\",\"@graph\":[{\"@type\":\"WebPage\",\"@id\":\"https:\/\/adema.nepomedia-staging.de\/it\/servizi\/\",\"url\":\"https:\/\/adema.nepomedia-staging.de\/it\/servizi\/\",\"name\":\"- %\",\"isPartOf\":{\"@id\":\"https:\/\/adema.nepomedia-staging.de\/it\/#website\"},\"primaryImageOfPage\":{\"@id\":\"https:\/\/adema.nepomedia-staging.de\/it\/servizi\/#primaryimage\"},\"image\":{\"@id\":\"https:\/\/adema.nepomedia-staging.de\/it\/servizi\/#primaryimage\"},\"thumbnailUrl\":\"https:\/\/adema.nepomedia-staging.de\/wp-content\/uploads\/2025\/10\/Element-1.svg\",\"datePublished\":\"2025-10-22T09:19:36+00:00\",\"dateModified\":\"2025-11-20T10:32:01+00:00\",\"breadcrumb\":{\"@id\":\"https:\/\/adema.nepomedia-staging.de\/it\/servizi\/#breadcrumb\"},\"inLanguage\":\"it-IT\",\"potentialAction\":[{\"@type\":\"ReadAction\",\"target\":[\"https:\/\/adema.nepomedia-staging.de\/it\/servizi\/\"]}]},{\"@type\":\"ImageObject\",\"inLanguage\":\"it-IT\",\"@id\":\"https:\/\/adema.nepomedia-staging.de\/it\/servizi\/#primaryimage\",\"url\":\"https:\/\/adema.nepomedia-staging.de\/wp-content\/uploads\/2025\/10\/Element-1.svg\",\"contentUrl\":\"https:\/\/adema.nepomedia-staging.de\/wp-content\/uploads\/2025\/10\/Element-1.svg\"},{\"@type\":\"BreadcrumbList\",\"@id\":\"https:\/\/adema.nepomedia-staging.de\/it\/servizi\/#breadcrumb\",\"itemListElement\":[{\"@type\":\"ListItem\",\"position\":1,\"name\":\"Casa\",\"item\":\"https:\/\/adema.nepomedia-staging.de\/it\/casa\/\"},{\"@type\":\"ListItem\",\"position\":2,\"name\":\"Servizi\"}]},{\"@type\":\"WebSite\",\"@id\":\"https:\/\/adema.nepomedia-staging.de\/it\/#website\",\"url\":\"https:\/\/adema.nepomedia-staging.de\/it\/\",\"name\":\"ADEMA\",\"description\":\"Sviluppo e gestione Apple\",\"publisher\":{\"@id\":\"https:\/\/adema.nepomedia-staging.de\/it\/#organization\"},\"potentialAction\":[{\"@type\":\"SearchAction\",\"target\":{\"@type\":\"EntryPoint\",\"urlTemplate\":\"https:\/\/adema.nepomedia-staging.de\/it\/?s={search_term_string}\"},\"query-input\":{\"@type\":\"PropertyValueSpecification\",\"valueRequired\":true,\"valueName\":\"search_term_string\"}}],\"inLanguage\":\"it-IT\"},{\"@type\":\"Organization\",\"@id\":\"https:\/\/adema.nepomedia-staging.de\/it\/#organization\",\"name\":\"ADEMA\",\"url\":\"https:\/\/adema.nepomedia-staging.de\/it\/\",\"logo\":{\"@type\":\"ImageObject\",\"inLanguage\":\"it-IT\",\"@id\":\"https:\/\/adema.nepomedia-staging.de\/it\/#\/schema\/logo\/image\/\",\"url\":\"https:\/\/adema.nepomedia-staging.de\/wp-content\/uploads\/2024\/11\/Adema_Logo_RGB.svg\",\"contentUrl\":\"https:\/\/adema.nepomedia-staging.de\/wp-content\/uploads\/2024\/11\/Adema_Logo_RGB.svg\",\"caption\":\"ADEMA\"},\"image\":{\"@id\":\"https:\/\/adema.nepomedia-staging.de\/it\/#\/schema\/logo\/image\/\"},\"sameAs\":[\"https:\/\/www.linkedin.com\/in\/jrgen-braun-537997151\/\"]}]}<\/script>\n<!-- \/ Yoast SEO plugin. -->","yoast_head_json":{"title":"- %","robots":{"index":"index","follow":"follow","max-snippet":"max-snippet:-1","max-image-preview":"max-image-preview:large","max-video-preview":"max-video-preview:-1"},"canonical":"https:\/\/adema.nepomedia-staging.de\/it\/servizi\/","og_locale":"it_IT","og_type":"article","og_title":"- %","og_description":"Servizi Siamo qui per te Servizi. DA ADEMA OFFRIAMO SERVIZI COMPLETI INCENTRATI SULLO SVILUPPO E SULLA GESTIONE DI VARIET\u00c0 DI MELE DI ALTA QUALIT\u00c0. Il nostro approccio inizia con lo sviluppo accurato di nuove variet\u00e0, che attraversano un rigoroso processo di ricerca e di test. Valutiamo continuamente il potenziale di ogni variet\u00e0 per garantire che [&hellip;]","og_url":"https:\/\/adema.nepomedia-staging.de\/it\/servizi\/","og_site_name":"ADEMA","article_modified_time":"2025-11-20T10:32:01+00:00","twitter_card":"summary_large_image","twitter_misc":{"Tempo di lettura stimato":"1 minuto"},"schema":{"@context":"https:\/\/schema.org","@graph":[{"@type":"WebPage","@id":"https:\/\/adema.nepomedia-staging.de\/it\/servizi\/","url":"https:\/\/adema.nepomedia-staging.de\/it\/servizi\/","name":"- %","isPartOf":{"@id":"https:\/\/adema.nepomedia-staging.de\/it\/#website"},"primaryImageOfPage":{"@id":"https:\/\/adema.nepomedia-staging.de\/it\/servizi\/#primaryimage"},"image":{"@id":"https:\/\/adema.nepomedia-staging.de\/it\/servizi\/#primaryimage"},"thumbnailUrl":"https:\/\/adema.nepomedia-staging.de\/wp-content\/uploads\/2025\/10\/Element-1.svg","datePublished":"2025-10-22T09:19:36+00:00","dateModified":"2025-11-20T10:32:01+00:00","breadcrumb":{"@id":"https:\/\/adema.nepomedia-staging.de\/it\/servizi\/#breadcrumb"},"inLanguage":"it-IT","potentialAction":[{"@type":"ReadAction","target":["https:\/\/adema.nepomedia-staging.de\/it\/servizi\/"]}]},{"@type":"ImageObject","inLanguage":"it-IT","@id":"https:\/\/adema.nepomedia-staging.de\/it\/servizi\/#primaryimage","url":"https:\/\/adema.nepomedia-staging.de\/wp-content\/uploads\/2025\/10\/Element-1.svg","contentUrl":"https:\/\/adema.nepomedia-staging.de\/wp-content\/uploads\/2025\/10\/Element-1.svg"},{"@type":"BreadcrumbList","@id":"https:\/\/adema.nepomedia-staging.de\/it\/servizi\/#breadcrumb","itemListElement":[{"@type":"ListItem","position":1,"name":"Casa","item":"https:\/\/adema.nepomedia-staging.de\/it\/casa\/"},{"@type":"ListItem","position":2,"name":"Servizi"}]},{"@type":"WebSite","@id":"https:\/\/adema.nepomedia-staging.de\/it\/#website","url":"https:\/\/adema.nepomedia-staging.de\/it\/","name":"ADEMA","description":"Sviluppo e gestione Apple","publisher":{"@id":"https:\/\/adema.nepomedia-staging.de\/it\/#organization"},"potentialAction":[{"@type":"SearchAction","target":{"@type":"EntryPoint","urlTemplate":"https:\/\/adema.nepomedia-staging.de\/it\/?s={search_term_string}"},"query-input":{"@type":"PropertyValueSpecification","valueRequired":true,"valueName":"search_term_string"}}],"inLanguage":"it-IT"},{"@type":"Organization","@id":"https:\/\/adema.nepomedia-staging.de\/it\/#organization","name":"ADEMA","url":"https:\/\/adema.nepomedia-staging.de\/it\/","logo":{"@type":"ImageObject","inLanguage":"it-IT","@id":"https:\/\/adema.nepomedia-staging.de\/it\/#\/schema\/logo\/image\/","url":"https:\/\/adema.nepomedia-staging.de\/wp-content\/uploads\/2024\/11\/Adema_Logo_RGB.svg","contentUrl":"https:\/\/adema.nepomedia-staging.de\/wp-content\/uploads\/2024\/11\/Adema_Logo_RGB.svg","caption":"ADEMA"},"image":{"@id":"https:\/\/adema.nepomedia-staging.de\/it\/#\/schema\/logo\/image\/"},"sameAs":["https:\/\/www.linkedin.com\/in\/jrgen-braun-537997151\/"]}]}},"_links":{"self":[{"href":"https:\/\/adema.nepomedia-staging.de\/it\/wp-json\/wp\/v2\/pages\/883","targetHints":{"allow":["GET"]}}],"collection":[{"href":"https:\/\/adema.nepomedia-staging.de\/it\/wp-json\/wp\/v2\/pages"}],"about":[{"href":"https:\/\/adema.nepomedia-staging.de\/it\/wp-json\/wp\/v2\/types\/page"}],"author":[{"embeddable":true,"href":"https:\/\/adema.nepomedia-staging.de\/it\/wp-json\/wp\/v2\/users\/2"}],"replies":[{"embeddable":true,"href":"https:\/\/adema.nepomedia-staging.de\/it\/wp-json\/wp\/v2\/comments?post=883"}],"version-history":[{"count":3,"href":"https:\/\/adema.nepomedia-staging.de\/it\/wp-json\/wp\/v2\/pages\/883\/revisions"}],"predecessor-version":[{"id":1320,"href":"https:\/\/adema.nepomedia-staging.de\/it\/wp-json\/wp\/v2\/pages\/883\/revisions\/1320"}],"wp:attachment":[{"href":"https:\/\/adema.nepomedia-staging.de\/it\/wp-json\/wp\/v2\/media?parent=883"}],"curies":[{"name":"wp","href":"https:\/\/api.w.org\/{rel}","templated":true}]}}