{"id":929,"date":"2025-10-22T11:19:00","date_gmt":"2025-10-22T09:19:00","guid":{"rendered":"https:\/\/adema.nepomedia-staging.de\/filosofia\/"},"modified":"2025-11-19T15:13:58","modified_gmt":"2025-11-19T14:13:58","slug":"filosofia","status":"publish","type":"page","link":"https:\/\/adema.nepomedia-staging.de\/it\/filosofia\/","title":{"rendered":"Filosofia"},"content":{"rendered":"\t\t<div data-elementor-type=\"wp-page\" data-elementor-id=\"929\" class=\"elementor elementor-929 elementor-502\" data-elementor-post-type=\"page\">\n\t\t\t\t<div class=\"elementor-element elementor-element-6125d79 e-flex e-con-boxed e-con e-parent\" data-id=\"6125d79\" data-element_type=\"container\" data-settings=\"{&quot;background_background&quot;:&quot;classic&quot;,&quot;jet_parallax_layout_list&quot;:[]}\">\n\t\t\t\t\t<div class=\"e-con-inner\">\n\t\t\t\t<div class=\"elementor-element elementor-element-c434373 elementor-widget elementor-widget-heading\" data-id=\"c434373\" data-element_type=\"widget\" data-widget_type=\"heading.default\">\n\t\t\t\t<div class=\"elementor-widget-container\">\n\t\t\t\t\t<h1 class=\"elementor-heading-title elementor-size-default\">Felice e<br>di successo.<\/h1>\t\t\t\t<\/div>\n\t\t\t\t<\/div>\n\t\t\t\t<div class=\"elementor-element elementor-element-4dc7d4b elementor-widget elementor-widget-heading\" data-id=\"4dc7d4b\" data-element_type=\"widget\" data-widget_type=\"heading.default\">\n\t\t\t\t<div class=\"elementor-widget-container\">\n\t\t\t\t\t<p class=\"elementor-heading-title elementor-size-default\">la nostra filosofia<\/p>\t\t\t\t<\/div>\n\t\t\t\t<\/div>\n\t\t\t\t<div class=\"elementor-element elementor-element-bbd9ca6 elementor-widget__width-initial elementor-absolute elementor-widget elementor-widget-image\" data-id=\"bbd9ca6\" data-element_type=\"widget\" data-settings=\"{&quot;_position&quot;:&quot;absolute&quot;}\" data-widget_type=\"image.default\">\n\t\t\t\t<div class=\"elementor-widget-container\">\n\t\t\t\t\t\t\t\t\t\t\t\t\t\t\t<img fetchpriority=\"high\" decoding=\"async\" width=\"556\" height=\"258\" src=\"https:\/\/adema.nepomedia-staging.de\/wp-content\/uploads\/2025\/10\/Element-1.svg\" class=\"attachment-large size-large wp-image-887\" alt=\"foglia\" \/>\t\t\t\t\t\t\t\t\t\t\t\t\t\t\t<\/div>\n\t\t\t\t<\/div>\n\t\t\t\t\t<\/div>\n\t\t\t\t<\/div>\n\t\t<div class=\"elementor-element elementor-element-d00ae57 e-flex e-con-boxed e-con e-parent\" data-id=\"d00ae57\" data-element_type=\"container\" data-settings=\"{&quot;jet_parallax_layout_list&quot;:[]}\">\n\t\t\t\t\t<div class=\"e-con-inner\">\n\t\t\t\t<div class=\"elementor-element elementor-element-a18d307 elementor-widget__width-initial elementor-widget-tablet__width-inherit elementor-widget elementor-widget-heading\" data-id=\"a18d307\" data-element_type=\"widget\" data-widget_type=\"heading.default\">\n\t\t\t\t<div class=\"elementor-widget-container\">\n\t\t\t\t\t<h2 class=\"elementor-heading-title elementor-size-default\">DA ADEMA CREDIAMO CHE\nIL VERO SUCCESSO SIA IL RISULTATO\nDI GODERSI IL PROPRIO LAVORO\nE DI TROVARE REALIZZAZIONE IN ESSO.<\/h2>\t\t\t\t<\/div>\n\t\t\t\t<\/div>\n\t\t\t\t\t<\/div>\n\t\t\t\t<\/div>\n\t\t<div class=\"elementor-element elementor-element-d05f9b1 e-flex e-con-boxed e-con e-parent\" data-id=\"d05f9b1\" data-element_type=\"container\" data-settings=\"{&quot;background_background&quot;:&quot;classic&quot;,&quot;jet_parallax_layout_list&quot;:[]}\">\n\t\t\t\t\t<div class=\"e-con-inner\">\n\t\t<div class=\"elementor-element elementor-element-3dbf733 e-con-full e-flex e-con e-child\" data-id=\"3dbf733\" data-element_type=\"container\" data-settings=\"{&quot;jet_parallax_layout_list&quot;:[]}\">\n\t\t\t\t<div class=\"elementor-element elementor-element-48dd8af elementor-widget elementor-widget-image\" data-id=\"48dd8af\" data-element_type=\"widget\" data-widget_type=\"image.default\">\n\t\t\t\t<div class=\"elementor-widget-container\">\n\t\t\t\t\t\t\t\t\t\t\t\t\t\t\t<img decoding=\"async\" width=\"800\" height=\"533\" src=\"https:\/\/adema.nepomedia-staging.de\/wp-content\/uploads\/2025\/11\/PAD5060-1-1024x682.webp\" class=\"attachment-large size-large wp-image-934\" alt=\"Dr. J\u00fcrgen Braun im Interview\" srcset=\"https:\/\/adema.nepomedia-staging.de\/wp-content\/uploads\/2025\/11\/PAD5060-1-1024x682.webp 1024w, https:\/\/adema.nepomedia-staging.de\/wp-content\/uploads\/2025\/11\/PAD5060-1-300x200.webp 300w, https:\/\/adema.nepomedia-staging.de\/wp-content\/uploads\/2025\/11\/PAD5060-1-768x511.webp 768w, https:\/\/adema.nepomedia-staging.de\/wp-content\/uploads\/2025\/11\/PAD5060-1-1536x1022.webp 1536w, https:\/\/adema.nepomedia-staging.de\/wp-content\/uploads\/2025\/11\/PAD5060-1.webp 1600w\" sizes=\"(max-width: 800px) 100vw, 800px\" \/>\t\t\t\t\t\t\t\t\t\t\t\t\t\t\t<\/div>\n\t\t\t\t<\/div>\n\t\t\t\t<\/div>\n\t\t<div class=\"elementor-element elementor-element-2ab13ad e-con-full e-flex e-con e-child\" data-id=\"2ab13ad\" data-element_type=\"container\" data-settings=\"{&quot;jet_parallax_layout_list&quot;:[]}\">\n\t\t\t\t<div class=\"elementor-element elementor-element-3e08c5f elementor-widget elementor-widget-text-editor\" data-id=\"3e08c5f\" data-element_type=\"widget\" data-widget_type=\"text-editor.default\">\n\t\t\t\t<div class=\"elementor-widget-container\">\n\t\t\t\t\t\t\t\t\t<p>Rendiamo tutto questo possibile grazie alla nostra professionalit\u00e0, affidabilit\u00e0 e alla nostra ampia esperienza e competenza. ll nostro impegno per l\u2019onest\u00e0 ci permette di creare fiducia sia con i nostri clienti che con i nostri partner. Tra i nostri clienti ci sono costitutori e vivai, ma anche agricoltori, cooperative e organizzazioni di distribuzione; le nostre attivit\u00e0 sono internazionali. Inoltre, anche se ci concentriamo sulle relazioni B2B, teniamo comunque d\u2019occhio con attenzione anche le opportunit\u00e0 B2C.<\/p><p>La nostra ricerca dell&#8217;innovazione ci spinge a introdurre nuove idee, metodi e prodotti che creano valore e migliorano i processi esistenti. Puntiamo all&#8217;eccellenza, superando costantemente le aspettative dei nostri partner e clienti. L\u2019autenticit\u00e0 \u00e8 al centro delle nostre attivit\u00e0: agiamo con integrit\u00e0, vivendo i nostri valori per costruire fiducia con le persone con cui collaboriamo.<\/p>\t\t\t\t\t\t\t\t<\/div>\n\t\t\t\t<\/div>\n\t\t\t\t<\/div>\n\t\t\t\t\t<\/div>\n\t\t\t\t<\/div>\n\t\t\t\t<\/div>\n\t\t","protected":false},"excerpt":{"rendered":"<p>Felice edi successo. la nostra filosofia DA ADEMA CREDIAMO CHE IL VERO SUCCESSO SIA IL RISULTATO DI GODERSI IL PROPRIO LAVORO E DI TROVARE REALIZZAZIONE IN ESSO. Rendiamo tutto questo possibile grazie alla nostra professionalit\u00e0, affidabilit\u00e0 e alla nostra ampia esperienza e competenza. ll nostro impegno per l\u2019onest\u00e0 ci permette di creare fiducia sia con [&hellip;]<\/p>\n","protected":false},"author":2,"featured_media":0,"parent":0,"menu_order":0,"comment_status":"closed","ping_status":"closed","template":"","meta":{"footnotes":""},"class_list":["post-929","page","type-page","status-publish","hentry"],"yoast_head":"<!-- This site is optimized with the Yoast SEO plugin v26.4 - https:\/\/yoast.com\/wordpress\/plugins\/seo\/ -->\n<title>- %<\/title>\n<meta name=\"robots\" content=\"index, follow, max-snippet:-1, max-image-preview:large, max-video-preview:-1\" \/>\n<link rel=\"canonical\" href=\"https:\/\/adema.nepomedia-staging.de\/it\/filosofia\/\" \/>\n<meta property=\"og:locale\" content=\"it_IT\" \/>\n<meta property=\"og:type\" content=\"article\" \/>\n<meta property=\"og:title\" content=\"- %\" \/>\n<meta property=\"og:description\" content=\"Felice edi successo. la nostra filosofia DA ADEMA CREDIAMO CHE IL VERO SUCCESSO SIA IL RISULTATO DI GODERSI IL PROPRIO LAVORO E DI TROVARE REALIZZAZIONE IN ESSO. Rendiamo tutto questo possibile grazie alla nostra professionalit\u00e0, affidabilit\u00e0 e alla nostra ampia esperienza e competenza. ll nostro impegno per l\u2019onest\u00e0 ci permette di creare fiducia sia con [&hellip;]\" \/>\n<meta property=\"og:url\" content=\"https:\/\/adema.nepomedia-staging.de\/it\/filosofia\/\" \/>\n<meta property=\"og:site_name\" content=\"ADEMA\" \/>\n<meta property=\"article:modified_time\" content=\"2025-11-19T14:13:58+00:00\" \/>\n<meta name=\"twitter:card\" content=\"summary_large_image\" \/>\n<meta name=\"twitter:label1\" content=\"Tempo di lettura stimato\" \/>\n\t<meta name=\"twitter:data1\" content=\"1 minuto\" \/>\n<script type=\"application\/ld+json\" class=\"yoast-schema-graph\">{\"@context\":\"https:\/\/schema.org\",\"@graph\":[{\"@type\":\"WebPage\",\"@id\":\"https:\/\/adema.nepomedia-staging.de\/it\/filosofia\/\",\"url\":\"https:\/\/adema.nepomedia-staging.de\/it\/filosofia\/\",\"name\":\"- %\",\"isPartOf\":{\"@id\":\"https:\/\/adema.nepomedia-staging.de\/it\/#website\"},\"primaryImageOfPage\":{\"@id\":\"https:\/\/adema.nepomedia-staging.de\/it\/filosofia\/#primaryimage\"},\"image\":{\"@id\":\"https:\/\/adema.nepomedia-staging.de\/it\/filosofia\/#primaryimage\"},\"thumbnailUrl\":\"https:\/\/adema.nepomedia-staging.de\/wp-content\/uploads\/2025\/10\/Element-1.svg\",\"datePublished\":\"2025-10-22T09:19:00+00:00\",\"dateModified\":\"2025-11-19T14:13:58+00:00\",\"breadcrumb\":{\"@id\":\"https:\/\/adema.nepomedia-staging.de\/it\/filosofia\/#breadcrumb\"},\"inLanguage\":\"it-IT\",\"potentialAction\":[{\"@type\":\"ReadAction\",\"target\":[\"https:\/\/adema.nepomedia-staging.de\/it\/filosofia\/\"]}]},{\"@type\":\"ImageObject\",\"inLanguage\":\"it-IT\",\"@id\":\"https:\/\/adema.nepomedia-staging.de\/it\/filosofia\/#primaryimage\",\"url\":\"https:\/\/adema.nepomedia-staging.de\/wp-content\/uploads\/2025\/10\/Element-1.svg\",\"contentUrl\":\"https:\/\/adema.nepomedia-staging.de\/wp-content\/uploads\/2025\/10\/Element-1.svg\"},{\"@type\":\"BreadcrumbList\",\"@id\":\"https:\/\/adema.nepomedia-staging.de\/it\/filosofia\/#breadcrumb\",\"itemListElement\":[{\"@type\":\"ListItem\",\"position\":1,\"name\":\"Casa\",\"item\":\"https:\/\/adema.nepomedia-staging.de\/it\/casa\/\"},{\"@type\":\"ListItem\",\"position\":2,\"name\":\"Filosofia\"}]},{\"@type\":\"WebSite\",\"@id\":\"https:\/\/adema.nepomedia-staging.de\/it\/#website\",\"url\":\"https:\/\/adema.nepomedia-staging.de\/it\/\",\"name\":\"ADEMA\",\"description\":\"Sviluppo e gestione Apple\",\"publisher\":{\"@id\":\"https:\/\/adema.nepomedia-staging.de\/it\/#organization\"},\"potentialAction\":[{\"@type\":\"SearchAction\",\"target\":{\"@type\":\"EntryPoint\",\"urlTemplate\":\"https:\/\/adema.nepomedia-staging.de\/it\/?s={search_term_string}\"},\"query-input\":{\"@type\":\"PropertyValueSpecification\",\"valueRequired\":true,\"valueName\":\"search_term_string\"}}],\"inLanguage\":\"it-IT\"},{\"@type\":\"Organization\",\"@id\":\"https:\/\/adema.nepomedia-staging.de\/it\/#organization\",\"name\":\"ADEMA\",\"url\":\"https:\/\/adema.nepomedia-staging.de\/it\/\",\"logo\":{\"@type\":\"ImageObject\",\"inLanguage\":\"it-IT\",\"@id\":\"https:\/\/adema.nepomedia-staging.de\/it\/#\/schema\/logo\/image\/\",\"url\":\"https:\/\/adema.nepomedia-staging.de\/wp-content\/uploads\/2024\/11\/Adema_Logo_RGB.svg\",\"contentUrl\":\"https:\/\/adema.nepomedia-staging.de\/wp-content\/uploads\/2024\/11\/Adema_Logo_RGB.svg\",\"caption\":\"ADEMA\"},\"image\":{\"@id\":\"https:\/\/adema.nepomedia-staging.de\/it\/#\/schema\/logo\/image\/\"},\"sameAs\":[\"https:\/\/www.linkedin.com\/in\/jrgen-braun-537997151\/\"]}]}<\/script>\n<!-- \/ Yoast SEO plugin. -->","yoast_head_json":{"title":"- %","robots":{"index":"index","follow":"follow","max-snippet":"max-snippet:-1","max-image-preview":"max-image-preview:large","max-video-preview":"max-video-preview:-1"},"canonical":"https:\/\/adema.nepomedia-staging.de\/it\/filosofia\/","og_locale":"it_IT","og_type":"article","og_title":"- %","og_description":"Felice edi successo. la nostra filosofia DA ADEMA CREDIAMO CHE IL VERO SUCCESSO SIA IL RISULTATO DI GODERSI IL PROPRIO LAVORO E DI TROVARE REALIZZAZIONE IN ESSO. Rendiamo tutto questo possibile grazie alla nostra professionalit\u00e0, affidabilit\u00e0 e alla nostra ampia esperienza e competenza. ll nostro impegno per l\u2019onest\u00e0 ci permette di creare fiducia sia con [&hellip;]","og_url":"https:\/\/adema.nepomedia-staging.de\/it\/filosofia\/","og_site_name":"ADEMA","article_modified_time":"2025-11-19T14:13:58+00:00","twitter_card":"summary_large_image","twitter_misc":{"Tempo di lettura stimato":"1 minuto"},"schema":{"@context":"https:\/\/schema.org","@graph":[{"@type":"WebPage","@id":"https:\/\/adema.nepomedia-staging.de\/it\/filosofia\/","url":"https:\/\/adema.nepomedia-staging.de\/it\/filosofia\/","name":"- %","isPartOf":{"@id":"https:\/\/adema.nepomedia-staging.de\/it\/#website"},"primaryImageOfPage":{"@id":"https:\/\/adema.nepomedia-staging.de\/it\/filosofia\/#primaryimage"},"image":{"@id":"https:\/\/adema.nepomedia-staging.de\/it\/filosofia\/#primaryimage"},"thumbnailUrl":"https:\/\/adema.nepomedia-staging.de\/wp-content\/uploads\/2025\/10\/Element-1.svg","datePublished":"2025-10-22T09:19:00+00:00","dateModified":"2025-11-19T14:13:58+00:00","breadcrumb":{"@id":"https:\/\/adema.nepomedia-staging.de\/it\/filosofia\/#breadcrumb"},"inLanguage":"it-IT","potentialAction":[{"@type":"ReadAction","target":["https:\/\/adema.nepomedia-staging.de\/it\/filosofia\/"]}]},{"@type":"ImageObject","inLanguage":"it-IT","@id":"https:\/\/adema.nepomedia-staging.de\/it\/filosofia\/#primaryimage","url":"https:\/\/adema.nepomedia-staging.de\/wp-content\/uploads\/2025\/10\/Element-1.svg","contentUrl":"https:\/\/adema.nepomedia-staging.de\/wp-content\/uploads\/2025\/10\/Element-1.svg"},{"@type":"BreadcrumbList","@id":"https:\/\/adema.nepomedia-staging.de\/it\/filosofia\/#breadcrumb","itemListElement":[{"@type":"ListItem","position":1,"name":"Casa","item":"https:\/\/adema.nepomedia-staging.de\/it\/casa\/"},{"@type":"ListItem","position":2,"name":"Filosofia"}]},{"@type":"WebSite","@id":"https:\/\/adema.nepomedia-staging.de\/it\/#website","url":"https:\/\/adema.nepomedia-staging.de\/it\/","name":"ADEMA","description":"Sviluppo e gestione Apple","publisher":{"@id":"https:\/\/adema.nepomedia-staging.de\/it\/#organization"},"potentialAction":[{"@type":"SearchAction","target":{"@type":"EntryPoint","urlTemplate":"https:\/\/adema.nepomedia-staging.de\/it\/?s={search_term_string}"},"query-input":{"@type":"PropertyValueSpecification","valueRequired":true,"valueName":"search_term_string"}}],"inLanguage":"it-IT"},{"@type":"Organization","@id":"https:\/\/adema.nepomedia-staging.de\/it\/#organization","name":"ADEMA","url":"https:\/\/adema.nepomedia-staging.de\/it\/","logo":{"@type":"ImageObject","inLanguage":"it-IT","@id":"https:\/\/adema.nepomedia-staging.de\/it\/#\/schema\/logo\/image\/","url":"https:\/\/adema.nepomedia-staging.de\/wp-content\/uploads\/2024\/11\/Adema_Logo_RGB.svg","contentUrl":"https:\/\/adema.nepomedia-staging.de\/wp-content\/uploads\/2024\/11\/Adema_Logo_RGB.svg","caption":"ADEMA"},"image":{"@id":"https:\/\/adema.nepomedia-staging.de\/it\/#\/schema\/logo\/image\/"},"sameAs":["https:\/\/www.linkedin.com\/in\/jrgen-braun-537997151\/"]}]}},"_links":{"self":[{"href":"https:\/\/adema.nepomedia-staging.de\/it\/wp-json\/wp\/v2\/pages\/929","targetHints":{"allow":["GET"]}}],"collection":[{"href":"https:\/\/adema.nepomedia-staging.de\/it\/wp-json\/wp\/v2\/pages"}],"about":[{"href":"https:\/\/adema.nepomedia-staging.de\/it\/wp-json\/wp\/v2\/types\/page"}],"author":[{"embeddable":true,"href":"https:\/\/adema.nepomedia-staging.de\/it\/wp-json\/wp\/v2\/users\/2"}],"replies":[{"embeddable":true,"href":"https:\/\/adema.nepomedia-staging.de\/it\/wp-json\/wp\/v2\/comments?post=929"}],"version-history":[{"count":3,"href":"https:\/\/adema.nepomedia-staging.de\/it\/wp-json\/wp\/v2\/pages\/929\/revisions"}],"predecessor-version":[{"id":1296,"href":"https:\/\/adema.nepomedia-staging.de\/it\/wp-json\/wp\/v2\/pages\/929\/revisions\/1296"}],"wp:attachment":[{"href":"https:\/\/adema.nepomedia-staging.de\/it\/wp-json\/wp\/v2\/media?parent=929"}],"curies":[{"name":"wp","href":"https:\/\/api.w.org\/{rel}","templated":true}]}}